{"id":954,"date":"2015-06-15T15:37:36","date_gmt":"2015-06-15T15:37:36","guid":{"rendered":"http:\/\/neu.wasserwacht-toeging.de\/?page_id=954"},"modified":"2015-06-15T15:48:37","modified_gmt":"2015-06-15T15:48:37","slug":"einsaetze-030-033-2015","status":"publish","type":"page","link":"https:\/\/www.wasserwacht-toeging.de\/?page_id=954","title":{"rendered":"Eins\u00e4tze 030-033 2015"},"content":{"rendered":"<p><strong>Datum:<\/strong> 13.06.2015<br \/>\n<strong>Einsatzbeginn:<\/strong> 08.00 Uhr<br \/>\n<strong>Einsatzart: <\/strong><span style=\"text-decoration: underline;\">Sanit\u00e4tsdienst<\/span><br \/>\n<strong>Einsatzort:<\/strong> <span style=\"text-decoration: underline;\">Freibad Hubm\u00fchle \/ Mehrzweckhalle \/ Regenbogenschule T\u00f6ging<\/span><br \/>\n<strong>Einsatzstichwort:<\/strong> <span style=\"text-decoration: underline;\">Turnjugendfest<br \/>\n<\/span><\/p>\n<hr \/>\n<p><strong>Einsatzkr\u00e4fte:<\/strong> 9<br \/>\n<strong>Eingesetzte Fahrzeuge:<\/strong><br \/>\nGer\u00e4tewagen-Boot 91\/1<br \/>\nGer\u00e4tewagen-Wasserrettung 91\/2<\/p>\n<hr \/>\n<p><strong>Weitere Einsatzkr\u00e4fte:<br \/>\n<\/strong>KTW &#8211; BRK-Rettungsdienst<\/p>\n<hr \/>\n<p><strong>Bericht:<\/strong><br \/>\nDas Turnjugendfest des Turngaus fand in diesem Jahr in T\u00f6ging statt. Die gleichzeitig im Freibad Hubm\u00fchle, an der Mehrzweckhalle und am Sportgel\u00e4nde an der Regenbogenschule abgehaltenen Wettk\u00e4mpfe wurden durch neun Sanit\u00e4ter der Wasserwacht T\u00f6ging-Winh\u00f6ring abgesichert.<br \/>\nInsgesamt mussten die Wasserwachtler vier Mal bei leichteren Verletzungen eingreifen. Eine Patientin wurde vorsorglich vom Rettungsdienst zur Kontrolle in die Klinik gebracht.<\/p>\n<hr \/>\n<p><strong>Fotos:<\/strong><\/p>\n<p><a href=\"http:\/\/neu.wasserwacht-toeging.de\/wp-content\/uploads\/2015\/06\/150603_Turnfest_01.jpg\"><img loading=\"lazy\" decoding=\"async\" class=\"alignleft size-thumbnail wp-image-950\" src=\"http:\/\/neu.wasserwacht-toeging.de\/wp-content\/uploads\/2015\/06\/150603_Turnfest_01-150x150.jpg\" alt=\"150603_Turnfest_01\" width=\"150\" height=\"150\" \/><\/a><a href=\"http:\/\/neu.wasserwacht-toeging.de\/wp-content\/uploads\/2015\/06\/150603_Turnfest_02.jpg\"><img loading=\"lazy\" decoding=\"async\" class=\"alignleft size-thumbnail wp-image-957\" src=\"http:\/\/neu.wasserwacht-toeging.de\/wp-content\/uploads\/2015\/06\/150603_Turnfest_02-150x150.jpg\" alt=\"150603_Turnfest_02\" width=\"150\" height=\"150\" \/><\/a><a href=\"http:\/\/neu.wasserwacht-toeging.de\/wp-content\/uploads\/2015\/06\/150603_Turnfest_03.jpg\"><img loading=\"lazy\" decoding=\"async\" class=\"alignleft size-thumbnail wp-image-958\" src=\"http:\/\/neu.wasserwacht-toeging.de\/wp-content\/uploads\/2015\/06\/150603_Turnfest_03-150x150.jpg\" alt=\"150603_Turnfest_03\" width=\"150\" height=\"150\" \/><\/a><\/p>\n","protected":false},"excerpt":{"rendered":"<p>Datum: 13.06.2015 Einsatzbeginn: 08.00 Uhr Einsatzart: Sanit\u00e4tsdienst Einsatzort: Freibad Hubm\u00fchle \/ Mehrzweckhalle \/ Regenbogenschule T\u00f6ging Einsatzstichwort: Turnjugendfest Einsatzkr\u00e4fte: 9 Eingesetzte Fahrzeuge: Ger\u00e4tewagen-Boot 91\/1 Ger\u00e4tewagen-Wasserrettung 91\/2 Weitere Einsatzkr\u00e4fte: KTW &#8211; BRK-Rettungsdienst Bericht: Das Turnjugendfest des Turngaus fand in diesem Jahr in&#46;&#46;&#46;<\/p>\n","protected":false},"author":1,"featured_media":0,"parent":0,"menu_order":0,"comment_status":"closed","ping_status":"closed","template":"","meta":{"footnotes":""},"class_list":["post-954","page","type-page","status-publish","hentry"],"_links":{"self":[{"href":"https:\/\/www.wasserwacht-toeging.de\/index.php?rest_route=\/wp\/v2\/pages\/954","targetHints":{"allow":["GET"]}}],"collection":[{"href":"https:\/\/www.wasserwacht-toeging.de\/index.php?rest_route=\/wp\/v2\/pages"}],"about":[{"href":"https:\/\/www.wasserwacht-toeging.de\/index.php?rest_route=\/wp\/v2\/types\/page"}],"author":[{"embeddable":true,"href":"https:\/\/www.wasserwacht-toeging.de\/index.php?rest_route=\/wp\/v2\/users\/1"}],"replies":[{"embeddable":true,"href":"https:\/\/www.wasserwacht-toeging.de\/index.php?rest_route=%2Fwp%2Fv2%2Fcomments&post=954"}],"version-history":[{"count":2,"href":"https:\/\/www.wasserwacht-toeging.de\/index.php?rest_route=\/wp\/v2\/pages\/954\/revisions"}],"predecessor-version":[{"id":961,"href":"https:\/\/www.wasserwacht-toeging.de\/index.php?rest_route=\/wp\/v2\/pages\/954\/revisions\/961"}],"wp:attachment":[{"href":"https:\/\/www.wasserwacht-toeging.de\/index.php?rest_route=%2Fwp%2Fv2%2Fmedia&parent=954"}],"curies":[{"name":"wp","href":"https:\/\/api.w.org\/{rel}","templated":true}]}}